{"id":8,"date":"2014-12-04T22:37:15","date_gmt":"2014-12-04T21:37:15","guid":{"rendered":"http:\/\/heidenstrom.no\/?page_id=8"},"modified":"2019-05-07T21:52:11","modified_gmt":"2019-05-07T20:52:11","slug":"tjenester","status":"publish","type":"page","link":"https:\/\/heidenstrom.no\/?page_id=8","title":{"rendered":"Tjenester"},"content":{"rendered":"<div id=\"pl-8\"  class=\"panel-layout\" ><div id=\"pg-8-0\"  class=\"panel-grid panel-no-style\" ><div id=\"pgc-8-0-0\"  class=\"panel-grid-cell\" ><div id=\"panel-8-0-0-0\" class=\"so-panel widget widget_headline-widget panel-first-child panel-last-child\" data-index=\"0\" >\t\t<h1>Tjenester<\/h1>\n\t\t<div class=\"decoration\"><div class=\"decoration-inside\"><\/div><\/div>\n\t\t<h3><\/h3>\n\t\t<\/div><\/div><\/div><div id=\"pg-8-1\"  class=\"panel-grid panel-no-style\" ><div id=\"pgc-8-1-0\"  class=\"panel-grid-cell\" ><div id=\"panel-8-1-0-0\" class=\"so-panel widget widget_circleicon-widget panel-first-child\" data-index=\"1\" >\t\t<div class=\"circle-icon-box circle-icon-position-left circle-icon-hide-box circle-icon-size-medium \">\n\t\t\t\t\t\t\t<div class=\"circle-icon-wrapper\">\n\t\t\t\t\t\t\t\t\t\t<div class=\"circle-icon\" >\n\t\t\t\t\t\t\t\t\t\t\t\t\t<div class=\"fa fa-star-o\" ><\/div>\n\t\t\t\t\t\t\t\t\t\t\t<\/div>\n\t\t\t\t\t\t\t\t\t<\/div>\n\t\t\t\n\t\t\t\t\t\t\t\t\t\t<h4 >\n\t\t\t\t\tEvent\t\t\t\t<\/h4>\n\t\t\t\t\t\t\n\t\t\t\t\t\t\t<p class=\"text\" >No Problem samarbeider med alle store eventbyr\u00e5er i Norge, og er for flere av de f\u00f8rstevalg n\u00e5r det gjelder valg av underholdning; dinnershow eller partypakke med pop og rockehits fra 60-tallet, frem til idag. Vi har ogs\u00e5 oppdrag i utlandet og har v\u00e6rt med p\u00e5 alt i fra world cup samlinger i inn og utland til \u00e5 ha hatt afterski i Italia, \u00d8sterike og Tyskland.<\/p>\n\t\t\t\t\t\t\t\t<\/div>\n\t\t<\/div><div id=\"panel-8-1-0-1\" class=\"so-panel widget widget_circleicon-widget\" data-index=\"2\" >\t\t<div class=\"circle-icon-box circle-icon-position-left circle-icon-hide-box circle-icon-size-medium \">\n\t\t\t\t\t\t\t<div class=\"circle-icon-wrapper\">\n\t\t\t\t\t\t\t\t\t\t<div class=\"circle-icon icon-style-set\" style=\"background-color: #8e53ff\">\n\t\t\t\t\t\t\t\t\t\t\t\t\t<div class=\"fa fa-beer\" ><\/div>\n\t\t\t\t\t\t\t\t\t\t\t<\/div>\n\t\t\t\t\t\t\t\t\t<\/div>\n\t\t\t\n\t\t\t\t\t\t\t\t\t\t<h4 >\n\t\t\t\t\tAfterski\t\t\t\t<\/h4>\n\t\t\t\t\t\t\n\t\t\t\t\t\t\t<p class=\"text\" >No problem har et knallt\u00f8ft afterski repertoar p\u00e5 90 min. Norske og svenske allsangfavoritter og rockehits p\u00e5 l\u00f8pende b\u00e5nd.<\/p>\n\t\t\t\t\t\t\t\t<\/div>\n\t\t<\/div><div id=\"panel-8-1-0-2\" class=\"so-panel widget widget_circleicon-widget\" data-index=\"3\" >\t\t<div class=\"circle-icon-box circle-icon-position-left circle-icon-hide-box circle-icon-size-medium \">\n\t\t\t\t\t\t\t<div class=\"circle-icon-wrapper\">\n\t\t\t\t\t\t\t\t\t\t<div class=\"circle-icon\" >\n\t\t\t\t\t\t\t\t\t\t\t\t\t<div class=\"fa fa-microphone\" ><\/div>\n\t\t\t\t\t\t\t\t\t\t\t<\/div>\n\t\t\t\t\t\t\t\t\t<\/div>\n\t\t\t\n\t\t\t\t\t\t\t\t\t\t<h4 >\n\t\t\t\t\tUtleie av lyd og lys\t\t\t\t<\/h4>\n\t\t\t\t\t\t\n\t\t\t\t\t\t\t<p class=\"text\" >Vi kan tilby store og sm\u00e5 lyd- og lysanlegg med og uten tekniker, til konkurransedyktige priser. Ta kontakt for mer info.<\/p>\n\t\t\t\t\t\t\t\t<\/div>\n\t\t<\/div><div id=\"panel-8-1-0-3\" class=\"so-panel widget widget_circleicon-widget panel-last-child\" data-index=\"4\" >\t\t<div class=\"circle-icon-box circle-icon-position-left circle-icon-hide-box circle-icon-size-medium \">\n\t\t\t\t\t\t\t<div class=\"circle-icon-wrapper\">\n\t\t\t\t\t\t\t\t\t\t<div class=\"circle-icon icon-style-set\" style=\"background-color: #8e53ff\">\n\t\t\t\t\t\t\t\t\t\t\t\t\t<div class=\"fa fa-coffee\" ><\/div>\n\t\t\t\t\t\t\t\t\t\t\t<\/div>\n\t\t\t\t\t\t\t\t\t<\/div>\n\t\t\t\n\t\t\t\t\t\t\t\t\t\t<h4 >\n\t\t\t\t\tArtist og trubadur-booking\t\t\t\t<\/h4>\n\t\t\t\t\t\t\n\t\t\t\t\t\t\t<p class=\"text\" >Jan Heidenstr\u00f8m driver med booking av trubadurer og artister og samarbeider tett med flere norske artister. Ta kontakt for mer info.<\/p>\n\t\t\t\t\t\t\t\t<\/div>\n\t\t<\/div><\/div><div id=\"pgc-8-1-1\"  class=\"panel-grid-cell\" ><div id=\"panel-8-1-1-0\" class=\"so-panel widget widget_circleicon-widget panel-first-child\" data-index=\"5\" >\t\t<div class=\"circle-icon-box circle-icon-position-left circle-icon-hide-box circle-icon-size-medium \">\n\t\t\t\t\t\t\t<div class=\"circle-icon-wrapper\">\n\t\t\t\t\t\t\t\t\t\t<div class=\"circle-icon icon-style-set\" style=\"background-color: #8e53ff\">\n\t\t\t\t\t\t\t\t\t\t\t\t\t<div class=\"fa fa-cutlery\" ><\/div>\n\t\t\t\t\t\t\t\t\t\t\t<\/div>\n\t\t\t\t\t\t\t\t\t<\/div>\n\t\t\t\n\t\t\t\t\t\t\t\t\t\t<h4 >\n\t\t\t\t\tDinner Show \/ Pop Quiz\t\t\t\t<\/h4>\n\t\t\t\t\t\t\n\t\t\t\t\t\t\t<p class=\"text\" >Dinner showet til No Problem skaper en stemning under middagen du sjelden har sett maken til og teamwork blir satt i h\u00f8ysete. Allsang, humor, glede og engasjement. \u00d8nsker du deg en flott kveld hvor alt blir ivaretatt fra A til \u00c5 med lyd, lys og Show s\u00e5 er dette en pakke som er innarbeidet meget proffesjonelt. Tilbakemeldingene er rebooking og st\u00e5ende applaus.<\/p>\n\t\t\t\t\t\t\t\t<\/div>\n\t\t<\/div><div id=\"panel-8-1-1-1\" class=\"so-panel widget widget_circleicon-widget\" data-index=\"6\" >\t\t<div class=\"circle-icon-box circle-icon-position-left circle-icon-hide-box circle-icon-size-medium \">\n\t\t\t\t\t\t\t<div class=\"circle-icon-wrapper\">\n\t\t\t\t\t\t\t\t\t\t<div class=\"circle-icon\" >\n\t\t\t\t\t\t\t\t\t\t\t\t\t<div class=\"fa fa-bell\" ><\/div>\n\t\t\t\t\t\t\t\t\t\t\t<\/div>\n\t\t\t\t\t\t\t\t\t<\/div>\n\t\t\t\n\t\t\t\t\t\t\t\t\t\t<h4 >\n\t\t\t\t\tJubileum\t\t\t\t<\/h4>\n\t\t\t\t\t\t\n\t\t\t\t\t\t\t<p class=\"text\" >Skal du arrangere 25-100 \u00e5rs lag, eller kanksje et firma jubileum? Da er vi de dere er ute etter. Vi har i en \u00e5rrekke spilt p\u00e5 alle mulige jubileer og kan bidra med hele prosessen fra \u00e5 planlegge til \u00e5 utforme.<\/p>\n\t\t\t\t\t\t\t\t<\/div>\n\t\t<\/div><div id=\"panel-8-1-1-2\" class=\"so-panel widget widget_circleicon-widget\" data-index=\"7\" >\t\t<div class=\"circle-icon-box circle-icon-position-left circle-icon-hide-box circle-icon-size-medium \">\n\t\t\t\t\t\t\t<div class=\"circle-icon-wrapper\">\n\t\t\t\t\t\t\t\t\t\t<div class=\"circle-icon icon-style-set\" style=\"background-color: #8e53ff\">\n\t\t\t\t\t\t\t\t\t\t\t\t\t<div class=\"fa fa-font\" ><\/div>\n\t\t\t\t\t\t\t\t\t\t\t<\/div>\n\t\t\t\t\t\t\t\t\t<\/div>\n\t\t\t\n\t\t\t\t\t\t\t\t\t\t<h4 >\n\t\t\t\t\tL\u00e5tskriver\t\t\t\t<\/h4>\n\t\t\t\t\t\t\n\t\t\t\t\t\t\t<p class=\"text\" >Jan Heidenstr\u00f8m komponerer spesialskrevne sanger til ditt form\u00e5l, f.eks reklamefilmer, radiojingles, idrettslag og teater.<\/p>\n\t\t\t\t\t\t\t\t<\/div>\n\t\t<\/div><div id=\"panel-8-1-1-3\" class=\"so-panel widget widget_circleicon-widget panel-last-child\" data-index=\"8\" >\t\t<div class=\"circle-icon-box circle-icon-position-left circle-icon-hide-box circle-icon-size-medium \">\n\t\t\t\t\t\t\t<div class=\"circle-icon-wrapper\">\n\t\t\t\t\t\t\t\t\t\t<div class=\"circle-icon\" >\n\t\t\t\t\t\t\t\t\t\t\t\t\t<div class=\"fa fa-heart-o\" ><\/div>\n\t\t\t\t\t\t\t\t\t\t\t<\/div>\n\t\t\t\t\t\t\t\t\t<\/div>\n\t\t\t\n\t\t\t\t\t\t\t\t\t\t<h4 >\n\t\t\t\t\tBryllup\t\t\t\t<\/h4>\n\t\t\t\t\t\t\n\t\t\t\t\t\t\t<p class=\"text\" >Vi spiller og syr sammen et passende repertoar til ditt bryllup, for \u00e5 gj\u00f8re din dag spesiell. Vi kan bidra med hele prosessen fra \u00e5 planlegge til \u00e5 utforme.<\/p>\n\t\t\t\t\t\t\t\t<\/div>\n\t\t<\/div><\/div><\/div><\/div>","protected":false},"excerpt":{"rendered":"<p>Tjenester Event No Problem samarbeider med alle store eventbyr\u00e5er i Norge, og er for flere av de f\u00f8rstevalg n\u00e5r det gjelder valg av underholdning; dinnershow eller partypakke med pop og rockehits fra 60-tallet, frem til idag. Vi har ogs\u00e5 oppdrag i utlandet og har v\u00e6rt med p\u00e5 alt i fra world cup samlinger i inn [&hellip;]<\/p>\n","protected":false},"author":2,"featured_media":0,"parent":0,"menu_order":0,"comment_status":"closed","ping_status":"open","template":"templates\/template-full-notitle.php","meta":{"footnotes":""},"class_list":["post-8","page","type-page","status-publish","hentry","post"],"_links":{"self":[{"href":"https:\/\/heidenstrom.no\/index.php?rest_route=\/wp\/v2\/pages\/8","targetHints":{"allow":["GET"]}}],"collection":[{"href":"https:\/\/heidenstrom.no\/index.php?rest_route=\/wp\/v2\/pages"}],"about":[{"href":"https:\/\/heidenstrom.no\/index.php?rest_route=\/wp\/v2\/types\/page"}],"author":[{"embeddable":true,"href":"https:\/\/heidenstrom.no\/index.php?rest_route=\/wp\/v2\/users\/2"}],"replies":[{"embeddable":true,"href":"https:\/\/heidenstrom.no\/index.php?rest_route=%2Fwp%2Fv2%2Fcomments&post=8"}],"version-history":[{"count":40,"href":"https:\/\/heidenstrom.no\/index.php?rest_route=\/wp\/v2\/pages\/8\/revisions"}],"predecessor-version":[{"id":475,"href":"https:\/\/heidenstrom.no\/index.php?rest_route=\/wp\/v2\/pages\/8\/revisions\/475"}],"wp:attachment":[{"href":"https:\/\/heidenstrom.no\/index.php?rest_route=%2Fwp%2Fv2%2Fmedia&parent=8"}],"curies":[{"name":"wp","href":"https:\/\/api.w.org\/{rel}","templated":true}]}}